{"id":79,"date":"2017-10-11T14:57:31","date_gmt":"2017-10-11T12:57:31","guid":{"rendered":"https:\/\/con4test.com\/de\/?page_id=79"},"modified":"2023-10-01T17:10:46","modified_gmt":"2023-10-01T15:10:46","slug":"kompressor-pruefstaende-und-kaeltemittelkreislaeufe","status":"publish","type":"page","link":"https:\/\/con4test.com\/de\/kompressor-pruefstaende-und-kaeltemittelkreislaeufe\/","title":{"rendered":"Kompressor-Pr\u00fcfst\u00e4nde und K\u00e4ltemittelkreisl\u00e4ufe"},"content":{"rendered":"<h2 class=\"section-title\" style=\"margin-top: -15px; margin-bottom: 35px;\">Kompressor-Pr\u00fcfst\u00e4nde und K\u00e4ltemittelkreisl\u00e4ufe<\/h2>\n<div class=\"row\">\n<div class=\"col-lg-6\" style=\"margin-bottom: 14px;\"><img decoding=\"async\" class=\"card-img\" src=\"..\/wp-content\/uploads\/2017\/08\/Comppst-.jpg\" alt=\"Kompressor-Pr\u00fcfst\u00e4nde und K\u00e4ltemittelkreisl\u00e4ufe\" \/><\/div>\n<div class=\"col-md-6\" style=\"text-align: left;\">K\u00e4ltemittelkreisl\u00e4ufe zur Versorgung von Komponenten wie Ver\u00addampfer, Expansions\u00adventile, Konden\u00adsatoren oder Kompressoren. In Kombi\u00adnation mit den Luft\u00adkonditionier\u00admodulen kann der Pr\u00fcfl\u00ading unter realistischen Last\u00adbedingungen mit hoher Re\u00adproduzier\u00adbar\u00adkeit und Regel\u00adgenauigkeit betrieben werden.<\/div>\n<div class=\"col-md-6\" style=\"text-align: left;\">Kondensations\u00addruck und -temperatur, Saug\u00addruck und -temperatur, Druck und Temperatur am Expansions\u00adventil, \u00dcber\u00adhitzung, Unter\u00adk\u00fchlung, OCR, K\u00e4ltemittel\u00admassen\u00adstrom und Verdampfungs\u00addruck werden jeweils ge\u00adsteuert bzw. geregelt.<\/div>\n<\/div>\n","protected":false},"excerpt":{"rendered":"<p>Zur Versorgung von Komponenten wie Ver&shy;dampfer, Expansions&shy;ventile, Konden&shy;satoren oder Kompressoren. <\/p>\n","protected":false},"author":8,"featured_media":0,"parent":0,"menu_order":50,"comment_status":"closed","ping_status":"closed","template":"templates\/full-width-page.php","meta":{"footnotes":""},"_links":{"self":[{"href":"https:\/\/con4test.com\/de\/wp-json\/wp\/v2\/pages\/79"}],"collection":[{"href":"https:\/\/con4test.com\/de\/wp-json\/wp\/v2\/pages"}],"about":[{"href":"https:\/\/con4test.com\/de\/wp-json\/wp\/v2\/types\/page"}],"author":[{"embeddable":true,"href":"https:\/\/con4test.com\/de\/wp-json\/wp\/v2\/users\/8"}],"replies":[{"embeddable":true,"href":"https:\/\/con4test.com\/de\/wp-json\/wp\/v2\/comments?post=79"}],"version-history":[{"count":9,"href":"https:\/\/con4test.com\/de\/wp-json\/wp\/v2\/pages\/79\/revisions"}],"predecessor-version":[{"id":81,"href":"https:\/\/con4test.com\/de\/wp-json\/wp\/v2\/pages\/79\/revisions\/81"}],"wp:attachment":[{"href":"https:\/\/con4test.com\/de\/wp-json\/wp\/v2\/media?parent=79"}],"curies":[{"name":"wp","href":"https:\/\/api.w.org\/{rel}","templated":true}]}}