{"id":75,"date":"2017-10-11T14:42:10","date_gmt":"2017-10-11T12:42:10","guid":{"rendered":"https:\/\/con4test.com\/de\/?page_id=75"},"modified":"2023-10-01T17:10:29","modified_gmt":"2023-10-01T15:10:29","slug":"anlagen-zur-kuehlmittelkonditionierung","status":"publish","type":"page","link":"https:\/\/con4test.com\/de\/anlagen-zur-kuehlmittelkonditionierung\/","title":{"rendered":"Anlagen zur K\u00fchlmittelkonditionierung"},"content":{"rendered":"<h2 class=\"section-title\" style=\"margin-top: -15px; margin-bottom: 35px;\">Anlagen zur K\u00fchlmittelkonditionierung<\/h2>\n<p>K\u00fchlmittel\u00adkonditionierung, mobiles Ger\u00e4t mit Regel\u00adkreisen f\u00fcr Durch\u00adfluss, Temperatur, System\u00addruck und Druck\u00adabfall.<\/p>\n<div class=\"container\" style=\"margin-top: 25px;\">\n<div class=\"row\">\n<div class=\"col-lg-6\" style=\"margin-bottom: 14px;\"><img decoding=\"async\" class=\"card-img\" src=\"..\/wp-content\/uploads\/2017\/07\/Module_Coolant-Conditioning-790x400.jpg\" alt=\"Cabflow\u00ae\" \/><\/div>\n<div class=\"col-lg-6\" style=\"margin-bottom: 14px;\">\n<ul>\n<li class=\"list-group-item\"><strong>Temperatur:<\/strong> -40 \u00b0C bis +125 \u00b0C<\/li>\n<li class=\"list-group-item\"><strong>Durchflussbereich:<\/strong> 5 bis 50 l\/min, 2,5 bar Druck\u00adabfall<\/li>\n<\/ul>\n<\/div>\n<div class=\"col-lg-6\" style=\"margin-bottom: 14px;\">\n<ul>\n<li class=\"list-group-item\"><strong>Pr\u00fcflinge und Anwendungen<\/strong><\/li>\n<li class=\"list-group-item\">Heiz\u00adk\u00f6rper, Batterie\u00adk\u00fchler, K\u00fchl\u00admittel\u00adk\u00fchler, Regel- und Ab\u00adsperr\u00adventile, Wasser\u00adpumpen, Simulation von W\u00e4rme\u00adquellen und -senken in hydraulischen Heizungs-\/K\u00fchl\u00adsystemen.<\/li>\n<\/ul>\n<\/div>\n<\/div>\n<div class=\"clearfix\"><\/div>\n<\/div>\n","protected":false},"excerpt":{"rendered":"<p>Geh\u00e4usemontiertes mobiles Ger\u00e4t mit Regel&shy;kreisen f\u00fcr Durch&shy;fluss, Temperatur, System&shy;druck und Str\u00f6mungs&shy;widerstand.<\/p>\n","protected":false},"author":1,"featured_media":0,"parent":0,"menu_order":40,"comment_status":"closed","ping_status":"closed","template":"templates\/full-width-page.php","meta":{"footnotes":""},"_links":{"self":[{"href":"https:\/\/con4test.com\/de\/wp-json\/wp\/v2\/pages\/75"}],"collection":[{"href":"https:\/\/con4test.com\/de\/wp-json\/wp\/v2\/pages"}],"about":[{"href":"https:\/\/con4test.com\/de\/wp-json\/wp\/v2\/types\/page"}],"author":[{"embeddable":true,"href":"https:\/\/con4test.com\/de\/wp-json\/wp\/v2\/users\/1"}],"replies":[{"embeddable":true,"href":"https:\/\/con4test.com\/de\/wp-json\/wp\/v2\/comments?post=75"}],"version-history":[{"count":4,"href":"https:\/\/con4test.com\/de\/wp-json\/wp\/v2\/pages\/75\/revisions"}],"predecessor-version":[{"id":116,"href":"https:\/\/con4test.com\/de\/wp-json\/wp\/v2\/pages\/75\/revisions\/116"}],"wp:attachment":[{"href":"https:\/\/con4test.com\/de\/wp-json\/wp\/v2\/media?parent=75"}],"curies":[{"name":"wp","href":"https:\/\/api.w.org\/{rel}","templated":true}]}}