{"id":48,"date":"2017-10-10T17:06:15","date_gmt":"2017-10-10T15:06:15","guid":{"rendered":"https:\/\/con4test.com\/de\/?page_id=48"},"modified":"2023-10-01T17:10:07","modified_gmt":"2023-10-01T15:10:07","slug":"pruefstaende-fuer-fahrzeug-klimasysteme","status":"publish","type":"page","link":"https:\/\/con4test.com\/de\/pruefstaende-fuer-fahrzeug-klimasysteme\/","title":{"rendered":"Pr\u00fcfst\u00e4nde f\u00fcr Fahrzeug-Klimasysteme"},"content":{"rendered":"<h2 class=\"section-title\" style=\"margin-top: -15px; margin-bottom: 35px;\">Pr\u00fcfst\u00e4nde f\u00fcr Fahrzeug-Klimasysteme<\/h2>\n<p>Modulares Pr\u00fcfstanddesign f\u00fcr ein breites Spektrum von Leistungs\u00adtests, kalorimetrischen und funk\u00adtionalen Tests f\u00fcr Klima\u00adsysteme und -komponenten.<\/p>\n<p>Die Pr\u00fcfanlage umfasst autarke Luft\u00adkonditionier\u00admodule f\u00fcr Ver\u00addampfer- und Kondensator\u00adzuluft, Pr\u00fcf\u00adkammer, K\u00fchl\u00admittel\u00adkonditionierung f\u00fcr Heiz\u00adk\u00f6rper, Hoch\u00advolt-Spannungs\u00adversorgungen f\u00fcr PTC-Heizungen, Antriebe f\u00fcr mechanische und elektrisch angetriebene Kompressoren, komplette Sensor\u00adaus\u00adstattung f\u00fcr Luft- und K\u00e4lte\u00admittel\u00adleitungen. Sof\u00adtware L\u00f6sung f\u00fcr Daten\u00aderfassung und -auswertung.<\/p>\n<div class=\"container\" style=\"margin-top: 25px;\">\n<div class=\"row\">\n<div class=\"col-lg-8\" style=\"margin-bottom: 14px;\"><img decoding=\"async\" class=\"card-img\" src=\"..\/wp-content\/uploads\/2017\/08\/Module_con4_3-768x427.jpg\" alt=\"Pr\u00fcf\u00adst\u00e4nde f\u00fcr Fahr\u00adzeug-Klima\u00adsysteme\" \/><\/div>\n<div class=\"col-lg-4\" style=\"margin-bottom: 14px;\">\n<ul>\n<li class=\"list-group-item card-header\"><strong>Betriebs\u00adbereiche:<\/strong><\/li>\n<li class=\"list-group-item\"><strong>Temperatur\u00adbereich:<\/strong> -30\u00b0C bis +60\u00b0C,<\/li>\n<li class=\"list-group-item\"><strong>Klima\u00adbereich:<\/strong><br \/>\n+10\u00b0C \u2026 +50\u00b0C, 15% bis 85% r. F.<br \/>\nTaupunkt -10\u00b0C bis +35\u00b0C<\/li>\n<\/ul>\n<\/div>\n<\/div>\n<div class=\"clearfix\"><\/div>\n<\/div>\n","protected":false},"excerpt":{"rendered":"<p>Modulares Pr\u00fcfstanddesign f\u00fcr ein breites Spektrum von Leistungs&shy;tests, kalorimetrischen und funk&shy;tionalen Tests f\u00fcr Klima&shy;systeme und<br \/>\n-komponenten.<\/p>\n","protected":false},"author":1,"featured_media":0,"parent":0,"menu_order":30,"comment_status":"closed","ping_status":"closed","template":"templates\/full-width-page.php","meta":{"footnotes":""},"_links":{"self":[{"href":"https:\/\/con4test.com\/de\/wp-json\/wp\/v2\/pages\/48"}],"collection":[{"href":"https:\/\/con4test.com\/de\/wp-json\/wp\/v2\/pages"}],"about":[{"href":"https:\/\/con4test.com\/de\/wp-json\/wp\/v2\/types\/page"}],"author":[{"embeddable":true,"href":"https:\/\/con4test.com\/de\/wp-json\/wp\/v2\/users\/1"}],"replies":[{"embeddable":true,"href":"https:\/\/con4test.com\/de\/wp-json\/wp\/v2\/comments?post=48"}],"version-history":[{"count":4,"href":"https:\/\/con4test.com\/de\/wp-json\/wp\/v2\/pages\/48\/revisions"}],"predecessor-version":[{"id":407,"href":"https:\/\/con4test.com\/de\/wp-json\/wp\/v2\/pages\/48\/revisions\/407"}],"wp:attachment":[{"href":"https:\/\/con4test.com\/de\/wp-json\/wp\/v2\/media?parent=48"}],"curies":[{"name":"wp","href":"https:\/\/api.w.org\/{rel}","templated":true}]}}