{"id":42,"date":"2017-10-10T16:34:29","date_gmt":"2017-10-10T14:34:29","guid":{"rendered":"https:\/\/con4test.com\/de\/?page_id=42"},"modified":"2023-10-01T17:09:52","modified_gmt":"2023-10-01T15:09:52","slug":"kuehlerpruefstaende-luftkonditioniersysteme","status":"publish","type":"page","link":"https:\/\/con4test.com\/de\/kuehlerpruefstaende-luftkonditioniersysteme\/","title":{"rendered":"K\u00fchlerpr\u00fcfst\u00e4nde &#038; Luftkonditioniersysteme"},"content":{"rendered":"<h2 class=\"section-title\" style=\"margin-top: -15px; margin-bottom: 35px;\">K\u00fchlerpr\u00fcfst\u00e4nde &amp; Luftkonditioniersysteme<\/h2>\n<div class=\"container\" style=\"margin-top: 25px;\">\n<div class=\"row\">\n<div class=\"col-lg-6\" style=\"margin-bottom: 14px;\"><img decoding=\"async\" class=\"card-img\" src=\"..\/wp-content\/uploads\/2017\/11\/Module_Wind-Tunnel-narrow.jpg\" alt=\"K\u00fchler\u00adpr\u00fcf\u00adst\u00e4nde &amp; Luft\u00adkonditionier\u00adsysteme\" \/><\/div>\n<div class=\"col-lg-6\" style=\"margin-bottom: 14px;\">\n<h4 class=\"section-title\">Pr\u00fcf\u00adanwendungen f\u00fcr:<\/h4>\n<p>K\u00fchl\u00admittel\u00adk\u00fchler, \u00d6l\u00adk\u00fchler, Lade\u00adluft\u00adk\u00fchler, K\u00e4lte\u00admittel\u00adkondensatoren als Einzel\u00adkomponente oder Fron\u00adtend-integrierte Auf\u00adbauten. Integrierte Konditionier\u00admodule f\u00fcr \u00d6l, Lade\u00adluft, K\u00e4lte\u00admittel.<\/p>\n<p>Betriebs\u00adbereich Luft\u00adkreis\u00adlauf:<\/p>\n<ul>\n<li class=\"list-group-item\"><strong>Temperatur:<\/strong> Umgebung bis +60\u00a0\u00b0C<\/li>\n<li class=\"list-group-item\"><strong>Luft\u00advolumen\u00adstrom:<\/strong> \u2265 20000 m\u00b3\/h<\/li>\n<li class=\"list-group-item\"><strong>K\u00fchler\u00adleistungen:<\/strong> bis zu 250 kW<\/li>\n<\/ul>\n<\/div>\n<\/div>\n<div class=\"row hidden-lg-down\" style=\"height: 50px;\"><\/div>\n<div class=\"row\">\n<div class=\"hidden-lg-up col-lg-6\" style=\"margin-bottom: 14px;\"><img decoding=\"async\" class=\"card-img\" src=\"..\/wp-content\/uploads\/2017\/08\/Cond-Air-Supply.jpg\" alt=\"Luft\u00adkonditionier\u00adsysteme\" \/><\/div>\n<div class=\"col-lg-6\" style=\"margin-bottom: 14px;\">\n<h4 class=\"section-title\">Pr\u00fcf\u00adanwendungen f\u00fcr:<\/h4>\n<p>Verdampfer, Heizk\u00f6rper oder komplette Klima\u00adger\u00e4te, luft\u00adgek\u00fchlte \u00d6l- und Lade\u00adluft\u00adk\u00fchler. Pr\u00e4zisions-Klima\u00adregelung auch bei geringsten Duch\u00adfluss\u00adwerten.<\/p>\n<ul>\n<li class=\"list-group-item\"><strong>Temperatur:<\/strong> -30\u00a0\u00b0C bis +60\u00a0\u00b0C<\/li>\n<li class=\"list-group-item\"><strong>Feuchtig\u00adkeit:<\/strong> 5 bis 30 g\/kg im Bereich von 0 \u00b0C bis 60\u00a0\u00b0C<\/li>\n<li class=\"list-group-item\"><strong>Luft\u00advolumen\u00adstrom:<\/strong> 80 bis 800 m\u00b3\/h<\/li>\n<\/ul>\n<\/div>\n<div class=\"hidden-md-down col-lg-6\" style=\"margin-bottom: 14px;\"><img decoding=\"async\" class=\"card-img\" src=\"..\/wp-content\/uploads\/2017\/11\/Cond-Air-Supply-wide.jpg\" alt=\"Luft\u00adkonditionier\u00adsysteme\" \/><\/div>\n<\/div>\n<\/div>\n","protected":false},"excerpt":{"rendered":"<p>Pr\u00fcfanwendung f\u00fcr K\u00e4ltemittelkondensatoren und K\u00fchler als einzelne Komponente oder Frontend-integrierte Systeme mit hohem Luftdurchsatz.<\/p>\n","protected":false},"author":1,"featured_media":0,"parent":0,"menu_order":20,"comment_status":"closed","ping_status":"closed","template":"templates\/full-width-page.php","meta":{"footnotes":""},"_links":{"self":[{"href":"https:\/\/con4test.com\/de\/wp-json\/wp\/v2\/pages\/42"}],"collection":[{"href":"https:\/\/con4test.com\/de\/wp-json\/wp\/v2\/pages"}],"about":[{"href":"https:\/\/con4test.com\/de\/wp-json\/wp\/v2\/types\/page"}],"author":[{"embeddable":true,"href":"https:\/\/con4test.com\/de\/wp-json\/wp\/v2\/users\/1"}],"replies":[{"embeddable":true,"href":"https:\/\/con4test.com\/de\/wp-json\/wp\/v2\/comments?post=42"}],"version-history":[{"count":23,"href":"https:\/\/con4test.com\/de\/wp-json\/wp\/v2\/pages\/42\/revisions"}],"predecessor-version":[{"id":415,"href":"https:\/\/con4test.com\/de\/wp-json\/wp\/v2\/pages\/42\/revisions\/415"}],"wp:attachment":[{"href":"https:\/\/con4test.com\/de\/wp-json\/wp\/v2\/media?parent=42"}],"curies":[{"name":"wp","href":"https:\/\/api.w.org\/{rel}","templated":true}]}}